{"id":1613,"date":"2023-10-18T10:50:25","date_gmt":"2023-10-18T08:50:25","guid":{"rendered":"https:\/\/casamimosavigo.com\/advertencia-juridica\/"},"modified":"2023-10-18T10:50:25","modified_gmt":"2023-10-18T08:50:25","slug":"advertencia-juridica","status":"publish","type":"page","link":"https:\/\/casamimosavigo.com\/pt-pt\/advertencia-juridica\/","title":{"rendered":"Advert\u00eancia jur\u00eddica"},"content":{"rendered":"<p>Neste Aviso Legal, o Utilizador poder\u00e1 encontrar toda a informa\u00e7\u00e3o relacionada com as condi\u00e7\u00f5es legais que definem as rela\u00e7\u00f5es entre os utilizadores e o respons\u00e1vel pelo website acess\u00edvel no URL https:\/\/casamimosavigo.com (doravante, o website), que MIGUEL OJEA MIGUEZ disponibiliza aos utilizadores da Internet.<br \/>\nA utiliza\u00e7\u00e3o do website implica a aceita\u00e7\u00e3o plena e sem reservas de todas e cada uma das disposi\u00e7\u00f5es inclu\u00eddas neste Aviso Legal. Consequentemente, o utilizador do site deve ler atentamente este Aviso Legal cada vez que pretende usar o site, pois o texto pode ser modificado a crit\u00e9rio do propriet\u00e1rio do site, ou devido a uma mudan\u00e7a na legisla\u00e7\u00e3o, jurisprud\u00eancia ou pr\u00e1tica comercial.<\/p>\n<p>1.- DETALHES DA PESSOA RESPONS\u00c1VEL PELO PROPRIET\u00c1RIO DO SITE.<br \/>\nNome do propriet\u00e1rio: MIGUEL OJEA MIGUEZ<br \/>\nSede social: R\u00faa San Xoan 104, 36206 | VIGO<br \/>\nC.I.F.: 36115506D<br \/>\nTelefone de contacto: +34 655 931 771<br \/>\nE-mail: info@casamimosavigo.com<br \/>\nMIGUEL OJEA MIGUEZ \u00e9 respons\u00e1vel pelo Website e compromete-se a cumprir todos os requisitos nacionais e europeus que regem a utiliza\u00e7\u00e3o dos dados pessoais dos utilizadores.<\/p>\n<p>Este Website garante a prote\u00e7\u00e3o e confidencialidade dos dados pessoais que nos s\u00e3o fornecidos em conformidade com o disposto no Regulamento Geral sobre a Prote\u00e7\u00e3o de Dados Pessoais (UE) 2016\/679 do Parlamento Europeu e do Conselho, de 27 de abril de 2016, na Lei Org\u00e2nica 3\/2018, sobre a Prote\u00e7\u00e3o de Dados Pessoais e Garantia dos Direitos Digitais,  bem como na Lei de Servi\u00e7os da Sociedade da Informa\u00e7\u00e3o e Com\u00e9rcio Eletr\u00f3nico 34\/2002 de 11 de julho (LSSI-CE)<\/p>\n<p>2.- FINALIDADE.<br \/>\nO site fornece aos usu\u00e1rios acesso \u00e0s informa\u00e7\u00f5es e servi\u00e7os fornecidos pela MIGUEL OJEA MIGUEZ \u00e0s pessoas ou organiza\u00e7\u00f5es interessadas neles.<\/p>\n<p>O acesso e a utiliza\u00e7\u00e3o do Website conferem o estatuto de utilizador do Website (doravante, o &#8220;Utilizador&#8221;) e implicam a aceita\u00e7\u00e3o de todas as condi\u00e7\u00f5es inclu\u00eddas neste Aviso Legal, bem como das suas modifica\u00e7\u00f5es. A presta\u00e7\u00e3o do servi\u00e7o do Website limita-se ao tempo em que o Utilizador est\u00e1 ligado ao Website ou a qualquer um dos servi\u00e7os prestados atrav\u00e9s do mesmo. Por conseguinte, o Utilizador deve ler atentamente o presente Aviso Legal sempre que pretenda utilizar o Website, uma vez que o Website e as suas condi\u00e7\u00f5es de utiliza\u00e7\u00e3o estabelecidas no presente Aviso Legal podem ser alterados.<\/p>\n<p>3.- ACESSO E UTILIZA\u00c7\u00c3O DO WEBSITE.<br \/>\n3.1.- O acesso e utiliza\u00e7\u00e3o do website \u00e9 gratuito. O acesso ao site \u00e9 gratuito para os seus utilizadores, com exce\u00e7\u00e3o do custo de liga\u00e7\u00e3o atrav\u00e9s da rede de telecomunica\u00e7\u00f5es disponibilizada pelo fornecedor de acesso contratado pelos utilizadores.<br \/>\n3.2.- Registo de utilizador. Em geral, o acesso e utiliza\u00e7\u00e3o do website n\u00e3o requer subscri\u00e7\u00e3o ou registo pr\u00e9vio por parte dos seus utilizadores.<br \/>\n3.3.- Os utilizadores garantem e s\u00e3o respons\u00e1veis, em qualquer caso, pela exatid\u00e3o, validade e autenticidade dos dados pessoais fornecidos, comprometendo-se a mant\u00ea-los devidamente atualizados. O usu\u00e1rio concorda em fornecer informa\u00e7\u00f5es completas e corretas no formul\u00e1rio de contato ou assinatura.<\/p>\n<p>Em nenhuma circunst\u00e2ncia ser\u00e3o recolhidos dados relativos \u00e0 situa\u00e7\u00e3o profissional, econ\u00f3mica ou de privacidade dos outros membros da fam\u00edlia do menor sem o seu consentimento. Se tem menos de treze anos e acedeu a este website sem notificar os seus pais, n\u00e3o deve registar-se como utilizador.<\/p>\n<p>Neste website, os dados pessoais dos utilizadores s\u00e3o respeitados e tratados. Como utilizador, deve saber que os seus direitos est\u00e3o garantidos.<\/p>\n<p>4.- CONTE\u00daDOS DO WEBSITE.<br \/>\nO idioma usado pelo propriet\u00e1rio no site ser\u00e1 o espanhol. MIGUEL OJEA MIGUEZ n\u00e3o se responsabiliza pela n\u00e3o compreens\u00e3o do idioma do site por parte do utilizador, nem pelas suas consequ\u00eancias.<br \/>\nMIGUEL OJEA MIGUEZ poder\u00e1 modificar os conte\u00fados sem aviso pr\u00e9vio, bem como apag\u00e1-los e alter\u00e1-los dentro do website, bem como a forma como s\u00e3o acedidos, sem qualquer justifica\u00e7\u00e3o e livremente, n\u00e3o sendo respons\u00e1vel pelas consequ\u00eancias que possam causar aos utilizadores.<br \/>\n\u00c9 proibido utilizar os conte\u00fados do website para promover, contratar ou divulgar publicidade ou informa\u00e7\u00e3o pr\u00f3pria ou de terceiros sem autoriza\u00e7\u00e3o da MIGUEL OJEA MIGUEZ, ou enviar publicidade ou informa\u00e7\u00e3o utilizando os servi\u00e7os ou informa\u00e7\u00f5es disponibilizados aos utilizadores, independentemente de a utiliza\u00e7\u00e3o ser gratuita ou n\u00e3o.<br \/>\nOs links ou hiperlinks que terceiros incorporam em suas p\u00e1ginas web, direcionados a este site, ser\u00e3o para a abertura do site completo, e n\u00e3o podem manifestar, direta ou indiretamente, indica\u00e7\u00f5es falsas, imprecisas ou confusas, ou incorrer em a\u00e7\u00f5es injustas ou il\u00edcitas contra MIGUEL OJEA MIGUEZ<\/p>\n<p>5.- MEDIDAS DE SEGURAN\u00c7A.<br \/>\nOs dados pessoais comunicados pelo utilizador poder\u00e3o ser armazenados em bases de dados automatizadas ou n\u00e3o automatizadas, cuja propriedade exclusiva corresponde a MIGUEL OJEA MIGUEZ, assumindo todas as medidas t\u00e9cnicas, organizativas e de seguran\u00e7a que garantam a confidencialidade, integridade e qualidade da informa\u00e7\u00e3o neles contida de acordo com o disposto na regulamenta\u00e7\u00e3o em vigor sobre a prote\u00e7\u00e3o de dados pessoais.<\/p>\n<p>6.- LIMITA\u00c7\u00c3O DE RESPONSABILIDADE.<br \/>\nTanto o acesso ao website como o uso n\u00e3o consensual que possa ser feito da informa\u00e7\u00e3o nele contida s\u00e3o da exclusiva responsabilidade de quem o faz. MIGUEL OJEA MIGUEZ n\u00e3o ser\u00e1 respons\u00e1vel por qualquer consequ\u00eancia, dano ou preju\u00edzo que possa surgir de tal acesso ou uso. MIGUEL OJEA MIGUEZ n\u00e3o se responsabiliza por quaisquer erros de seguran\u00e7a que possam ocorrer ou por quaisquer danos que possam ser causados ao sistema inform\u00e1tico do utilizador (hardware e software), ou aos ficheiros ou documentos armazenados no mesmo, como resultado de:<br \/>\n\u2013 A presen\u00e7a de um v\u00edrus no computador do utilizador que \u00e9 utilizado para ligar aos servi\u00e7os e conte\u00fados do website.<br \/>\n\u2013 Um mau funcionamento do navegador.<br \/>\n\u2013 e\/ou a utiliza\u00e7\u00e3o de vers\u00f5es desatualizadas das mesmas.<br \/>\nMIGUEL OJEA MIGUEZ n\u00e3o se responsabiliza pela fiabilidade e rapidez das hiperliga\u00e7\u00f5es que s\u00e3o incorporadas no website para a abertura de outros. MIGUEL OJEA MIGUEZ n\u00e3o garante a utilidade destes links, nem \u00e9 respons\u00e1vel pelos conte\u00fados ou servi\u00e7os a que o utilizador possa aceder atrav\u00e9s desses links, nem pelo bom funcionamento destes websites.<br \/>\nMIGUEL OJEA MIGUEZ n\u00e3o ser\u00e1 respons\u00e1vel por v\u00edrus ou outros programas de computador que se deteriorem ou possam deteriorar os sistemas inform\u00e1ticos ou equipamentos dos utilizadores ao aceder ao seu website ou a outros websites a que se tenha acedido atrav\u00e9s de links neste website.<\/p>\n<p>7.- UTILIZA\u00c7\u00c3O DA TECNOLOGIA &#8220;COOKIE&#8221;.<br \/>\nO Website poder\u00e1 utilizar cookies ou tecnologias similares que ser\u00e3o regidos pelo disposto na Pol\u00edtica de Cookies, acess\u00edveis a todo o momento e respeitando a confidencialidade e privacidade do utilizador, sendo parte integrante deste Aviso Legal.<\/p>\n<p>8.- NAVEGA\u00c7\u00c3O.<br \/>\nOs servidores de Internet podem recolher dados n\u00e3o identific\u00e1veis, que podem incluir endere\u00e7os IP, e outros dados que n\u00e3o podem ser utilizados para identificar o utilizador. O seu endere\u00e7o IP ser\u00e1 armazenado nos registos de acesso automaticamente e com o \u00fanico prop\u00f3sito de permitir o tr\u00e2nsito atrav\u00e9s da Internet, sendo necess\u00e1rio que o seu computador forne\u00e7a esse endere\u00e7o IP ao navegar na Internet para que as comunica\u00e7\u00f5es possam ser realizadas. Da mesma forma, o endere\u00e7o IP pode ser usado para compilar estat\u00edsticas, de forma an\u00f3nima, sobre o n\u00famero de visitantes deste site e de onde v\u00eam, de uma forma completamente transparente para a sua navega\u00e7\u00e3o.<\/p>\n<p>9.- PROPRIEDADE INTELECTUAL E INDUSTRIAL<br \/>\nO utilizador reconhece e aceita que todos os conte\u00fados e\/ou quaisquer outros elementos do website s\u00e3o propriedade da MIGUEL OJEA MIGUEZ, e compromete-se a respeitar os direitos de propriedade intelectual e industrial detidos pela MIGUEL OJEA MIGUEZ. Qualquer utiliza\u00e7\u00e3o do website ou dos seus conte\u00fados deve ser de natureza exclusivamente particular.<br \/>\nQualquer outro uso que envolva a c\u00f3pia, reprodu\u00e7\u00e3o, distribui\u00e7\u00e3o, transforma\u00e7\u00e3o, comunica\u00e7\u00e3o p\u00fablica ou qualquer outra a\u00e7\u00e3o similar, de todo ou parte do conte\u00fado do site \u00e9 reservado exclusivamente a MIGUEL OJEA MIGUEZ, de modo que nenhum usu\u00e1rio pode realizar essas a\u00e7\u00f5es sem a autoriza\u00e7\u00e3o pr\u00e9via por escrito da MIGUEL OJEA MIGUEZ<\/p>\n<p>10.- LEGISLA\u00c7\u00c3O APLIC\u00c1VEL E JURISDI\u00c7\u00c3O COMPETENTE<br \/>\nEste Aviso Legal ser\u00e1 interpretado e regido de acordo com a lei espanhola. MIGUEL OJEA MIGUEZ e os usu\u00e1rios, renunciando expressamente a qualquer outra jurisdi\u00e7\u00e3o que lhes possa corresponder, submetem-se aos tribunais do domic\u00edlio do usu\u00e1rio para qualquer controv\u00e9rsia que possa surgir do acesso ou uso do site. No caso de o domic\u00edlio do utilizador se situar fora de Espanha, MIGUEL OJEA MIGUEZ e o utilizador submetem-se, com ren\u00fancia expressa a qualquer outra jurisdi\u00e7\u00e3o, aos tribunais do domic\u00edlio de MIGUEL OJEA MIGUEZ<\/p>\n","protected":false},"excerpt":{"rendered":"<p>Neste Aviso Legal, o Utilizador poder\u00e1 encontrar toda a informa\u00e7\u00e3o relacionada com as condi\u00e7\u00f5es legais que definem as rela\u00e7\u00f5es entre os utilizadores e o respons\u00e1vel pelo website acess\u00edvel no URL https:\/\/casamimosavigo.com (doravante, o website), que MIGUEL OJEA MIGUEZ disponibiliza aos utilizadores da Internet. A utiliza\u00e7\u00e3o do website implica a aceita\u00e7\u00e3o plena e sem reservas de [&hellip;]<\/p>\n","protected":false},"author":1,"featured_media":0,"parent":0,"menu_order":0,"comment_status":"closed","ping_status":"closed","template":"","meta":{"footnotes":""},"class_list":["post-1613","page","type-page","status-publish","hentry"],"yoast_head":"<!-- This site is optimized with the Yoast SEO plugin v21.5 - https:\/\/yoast.com\/wordpress\/plugins\/seo\/ -->\n<title>Advert\u00eancia jur\u00eddica - Casa Mimosa - Vigo<\/title>\n<meta name=\"robots\" content=\"index, follow, max-snippet:-1, max-image-preview:large, max-video-preview:-1\" \/>\n<link rel=\"canonical\" href=\"https:\/\/casamimosavigo.com\/advertencia-juridica\/\" \/>\n<meta property=\"og:locale\" content=\"pt_PT\" \/>\n<meta property=\"og:type\" content=\"article\" \/>\n<meta property=\"og:title\" content=\"Advert\u00eancia jur\u00eddica - Casa Mimosa - Vigo\" \/>\n<meta property=\"og:description\" content=\"Neste Aviso Legal, o Utilizador poder\u00e1 encontrar toda a informa\u00e7\u00e3o relacionada com as condi\u00e7\u00f5es legais que definem as rela\u00e7\u00f5es entre os utilizadores e o respons\u00e1vel pelo website acess\u00edvel no URL https:\/\/casamimosavigo.com (doravante, o website), que MIGUEL OJEA MIGUEZ disponibiliza aos utilizadores da Internet. A utiliza\u00e7\u00e3o do website implica a aceita\u00e7\u00e3o plena e sem reservas de [&hellip;]\" \/>\n<meta property=\"og:url\" content=\"https:\/\/casamimosavigo.com\/advertencia-juridica\/\" \/>\n<meta property=\"og:site_name\" content=\"Casa Mimosa - Vigo\" \/>\n<meta name=\"twitter:card\" content=\"summary_large_image\" \/>\n<meta name=\"twitter:label1\" content=\"Tempo estimado de leitura\" \/>\n\t<meta name=\"twitter:data1\" content=\"8 minutos\" \/>\n<script type=\"application\/ld+json\" class=\"yoast-schema-graph\">{\"@context\":\"https:\/\/schema.org\",\"@graph\":[{\"@type\":\"WebPage\",\"@id\":\"https:\/\/casamimosavigo.com\/advertencia-juridica\/\",\"url\":\"https:\/\/casamimosavigo.com\/advertencia-juridica\/\",\"name\":\"Advert\u00eancia jur\u00eddica - Casa Mimosa - Vigo\",\"isPartOf\":{\"@id\":\"https:\/\/casamimosavigo.com\/#website\"},\"datePublished\":\"2023-10-18T08:50:25+00:00\",\"dateModified\":\"2023-10-18T08:50:25+00:00\",\"breadcrumb\":{\"@id\":\"https:\/\/casamimosavigo.com\/advertencia-juridica\/#breadcrumb\"},\"inLanguage\":\"pt-PT\",\"potentialAction\":[{\"@type\":\"ReadAction\",\"target\":[\"https:\/\/casamimosavigo.com\/advertencia-juridica\/\"]}]},{\"@type\":\"BreadcrumbList\",\"@id\":\"https:\/\/casamimosavigo.com\/advertencia-juridica\/#breadcrumb\",\"itemListElement\":[{\"@type\":\"ListItem\",\"position\":1,\"name\":\"Portada\",\"item\":\"https:\/\/casamimosavigo.com\/pt-pt\/\"},{\"@type\":\"ListItem\",\"position\":2,\"name\":\"Advert\u00eancia jur\u00eddica\"}]},{\"@type\":\"WebSite\",\"@id\":\"https:\/\/casamimosavigo.com\/#website\",\"url\":\"https:\/\/casamimosavigo.com\/\",\"name\":\"Casa Mimosa - Vigo\",\"description\":\"Alquiler de apartamentos\",\"potentialAction\":[{\"@type\":\"SearchAction\",\"target\":{\"@type\":\"EntryPoint\",\"urlTemplate\":\"https:\/\/casamimosavigo.com\/?s={search_term_string}\"},\"query-input\":\"required name=search_term_string\"}],\"inLanguage\":\"pt-PT\"}]}<\/script>\n<!-- \/ Yoast SEO plugin. -->","yoast_head_json":{"title":"Advert\u00eancia jur\u00eddica - Casa Mimosa - Vigo","robots":{"index":"index","follow":"follow","max-snippet":"max-snippet:-1","max-image-preview":"max-image-preview:large","max-video-preview":"max-video-preview:-1"},"canonical":"https:\/\/casamimosavigo.com\/advertencia-juridica\/","og_locale":"pt_PT","og_type":"article","og_title":"Advert\u00eancia jur\u00eddica - Casa Mimosa - Vigo","og_description":"Neste Aviso Legal, o Utilizador poder\u00e1 encontrar toda a informa\u00e7\u00e3o relacionada com as condi\u00e7\u00f5es legais que definem as rela\u00e7\u00f5es entre os utilizadores e o respons\u00e1vel pelo website acess\u00edvel no URL https:\/\/casamimosavigo.com (doravante, o website), que MIGUEL OJEA MIGUEZ disponibiliza aos utilizadores da Internet. A utiliza\u00e7\u00e3o do website implica a aceita\u00e7\u00e3o plena e sem reservas de [&hellip;]","og_url":"https:\/\/casamimosavigo.com\/advertencia-juridica\/","og_site_name":"Casa Mimosa - Vigo","twitter_card":"summary_large_image","twitter_misc":{"Tempo estimado de leitura":"8 minutos"},"schema":{"@context":"https:\/\/schema.org","@graph":[{"@type":"WebPage","@id":"https:\/\/casamimosavigo.com\/advertencia-juridica\/","url":"https:\/\/casamimosavigo.com\/advertencia-juridica\/","name":"Advert\u00eancia jur\u00eddica - Casa Mimosa - Vigo","isPartOf":{"@id":"https:\/\/casamimosavigo.com\/#website"},"datePublished":"2023-10-18T08:50:25+00:00","dateModified":"2023-10-18T08:50:25+00:00","breadcrumb":{"@id":"https:\/\/casamimosavigo.com\/advertencia-juridica\/#breadcrumb"},"inLanguage":"pt-PT","potentialAction":[{"@type":"ReadAction","target":["https:\/\/casamimosavigo.com\/advertencia-juridica\/"]}]},{"@type":"BreadcrumbList","@id":"https:\/\/casamimosavigo.com\/advertencia-juridica\/#breadcrumb","itemListElement":[{"@type":"ListItem","position":1,"name":"Portada","item":"https:\/\/casamimosavigo.com\/pt-pt\/"},{"@type":"ListItem","position":2,"name":"Advert\u00eancia jur\u00eddica"}]},{"@type":"WebSite","@id":"https:\/\/casamimosavigo.com\/#website","url":"https:\/\/casamimosavigo.com\/","name":"Casa Mimosa - Vigo","description":"Alquiler de apartamentos","potentialAction":[{"@type":"SearchAction","target":{"@type":"EntryPoint","urlTemplate":"https:\/\/casamimosavigo.com\/?s={search_term_string}"},"query-input":"required name=search_term_string"}],"inLanguage":"pt-PT"}]}},"_links":{"self":[{"href":"https:\/\/casamimosavigo.com\/pt-pt\/wp-json\/wp\/v2\/pages\/1613","targetHints":{"allow":["GET"]}}],"collection":[{"href":"https:\/\/casamimosavigo.com\/pt-pt\/wp-json\/wp\/v2\/pages"}],"about":[{"href":"https:\/\/casamimosavigo.com\/pt-pt\/wp-json\/wp\/v2\/types\/page"}],"author":[{"embeddable":true,"href":"https:\/\/casamimosavigo.com\/pt-pt\/wp-json\/wp\/v2\/users\/1"}],"replies":[{"embeddable":true,"href":"https:\/\/casamimosavigo.com\/pt-pt\/wp-json\/wp\/v2\/comments?post=1613"}],"version-history":[{"count":0,"href":"https:\/\/casamimosavigo.com\/pt-pt\/wp-json\/wp\/v2\/pages\/1613\/revisions"}],"wp:attachment":[{"href":"https:\/\/casamimosavigo.com\/pt-pt\/wp-json\/wp\/v2\/media?parent=1613"}],"curies":[{"name":"wp","href":"https:\/\/api.w.org\/{rel}","templated":true}]}}